{"id":1402,"date":"2024-05-12T13:07:25","date_gmt":"2024-05-12T13:07:25","guid":{"rendered":"https:\/\/monsiteci.net\/agents\/?page_id=1402"},"modified":"2024-09-20T16:26:21","modified_gmt":"2024-09-20T16:26:21","slug":"compte-rendu-appels-visites-rdvs-feuilles-de-prospections-journalieres","status":"publish","type":"page","link":"https:\/\/monsiteci.net\/agents\/compte-rendu-appels-visites-rdvs-feuilles-de-prospections-journalieres\/","title":{"rendered":"Compte Rendu Appels, visites , Rdvs, feuilles de prospections journali\u00e8res\u2026San Pedro"},"content":{"rendered":"<div class='fluentform ff-default fluentform_wrapper_6 ffs_custom_wrap'><form data-form_id=\"6\" id=\"fluentform_6\" class=\"frm-fluent-form fluent_form_6 ff-el-form-top ff_form_instance_6_1 ff-form-loading ffs_custom\" data-form_instance=\"ff_form_instance_6_1\" method=\"POST\" ><fieldset  style=\"border: none!important;margin: 0!important;padding: 0!important;background-color: transparent!important;box-shadow: none!important;outline: none!important; min-inline-size: 100%;\">\n                    <legend class=\"ff_screen_reader_title\" style=\"display: block; margin: 0!important;padding: 0!important;height: 0!important;text-indent: -999999px;width: 0!important;overflow:hidden;\">CR Appels , visites et Rdvs<\/legend><input type='hidden' name='__fluent_form_embded_post_id' value='1402' \/><input type=\"hidden\" id=\"_fluentform_6_fluentformnonce\" name=\"_fluentform_6_fluentformnonce\" value=\"a6ab60b80a\" \/><input type=\"hidden\" name=\"_wp_http_referer\" value=\"\/agents\/wp-json\/wp\/v2\/pages\/1402\" \/><div class='ff-el-group'><div class=\"ff-el-input--label ff-el-is-required asterisk-right\"><label for='ff_6_dropdown_1' aria-label=\"CR Appels, Visites,  Rdvs, Feuilles de prospection\">CR Appels, Visites,  Rdvs, Feuilles de prospection<\/label><\/div><div class='ff-el-input--content'><select name=\"dropdown_1\" id=\"ff_6_dropdown_1\" class=\"ff-el-form-control\" data-name=\"dropdown_1\" data-calc_value=\"0\"  aria-invalid=\"false\" aria-required=true><option value=\"Appels\"  selected>Appels<\/option><option value=\"Visites\"  >Visites<\/option><option value=\"Rendez vous\"  >Rendez vous<\/option><option value=\"Feuille de prospection\"  >Feuille de prospection<\/option><\/select><\/div><\/div><div class='ff-el-group'><div class=\"ff-el-input--label ff-el-is-required asterisk-right\"><label for='ff_6_datetime' aria-label=\"Date\">Date<\/label><\/div><div class='ff-el-input--content'><input  aria-label='Date Use arrow keys to navigate dates. Press enter to select a date.'  aria-haspopup='dialog' data-type-datepicker data-format='d\/m\/Y' type=\"text\" name=\"datetime\" id=\"ff_6_datetime\" class=\"ff-el-form-control ff-el-datepicker\" data-name=\"datetime\"  aria-invalid='false' aria-required=true><\/div><\/div><div data-type=\"name-element\" data-name=\"names\" class=\" ff-field_container ff-name-field-wrapper\" ><div class='ff-t-container'><div class='ff-t-cell '><div class='ff-el-group  ff-el-form-top'><div class=\"ff-el-input--label asterisk-right\"><label for='ff_6_names_last_name_' >Agent<\/label><\/div><div class='ff-el-input--content'><input type=\"text\" name=\"names[last_name]\" id=\"ff_6_names_last_name_\" class=\"ff-el-form-control\" placeholder=\"Nom \" aria-invalid=\"false\" aria-required=false><\/div><\/div><\/div><\/div><\/div><div class='ff-el-group has-conditions'><div class=\"ff-el-input--label ff-el-is-required asterisk-right\"><label for='ff_6_input_text' aria-label=\"Entreprise\">Entreprise<\/label><\/div><div class='ff-el-input--content'><input type=\"text\" name=\"input_text\" class=\"ff-el-form-control\" data-name=\"input_text\" id=\"ff_6_input_text\"  aria-invalid=\"false\" aria-required=true><\/div><\/div><div class='ff-el-group has-conditions'><div class=\"ff-el-input--label ff-el-is-required asterisk-right\"><label for='ff_6_input_text_1' aria-label=\"Nom du responsable\">Nom du responsable<\/label><\/div><div class='ff-el-input--content'><input type=\"text\" name=\"input_text_1\" class=\"ff-el-form-control\" data-name=\"input_text_1\" id=\"ff_6_input_text_1\"  aria-invalid=\"false\" aria-required=true><\/div><\/div><div class='ff-el-group has-conditions'><div class=\"ff-el-input--label ff-el-is-required asterisk-right\"><label for='ff_6_phone' aria-label=\"Tel\">Tel<\/label><\/div><div class='ff-el-input--content'><input name=\"phone\" class=\"ff-el-form-control ff-el-phone\" type=\"tel\" placeholder=\"Num\u00e9ro de portable\" data-name=\"phone\" id=\"ff_6_phone\" inputmode=\"tel\"  aria-invalid='false' aria-required=true><\/div><\/div><div class='ff-el-group'><div class=\"ff-el-input--label ff-el-is-required asterisk-right\"><label for='ff_6_input_text_2' aria-label=\"Ville\">Ville<\/label><\/div><div class='ff-el-input--content'><input type=\"text\" name=\"input_text_2\" class=\"ff-el-form-control\" data-name=\"input_text_2\" id=\"ff_6_input_text_2\"  aria-invalid=\"false\" aria-required=true><\/div><\/div><div class='ff-el-group'><div class=\"ff-el-input--label asterisk-right\"><label for='ff_6_input_text_5' aria-label=\"Zone (Voir sur la carte)\">Zone (Voir sur la carte)<\/label><\/div><div class='ff-el-input--content'><input type=\"text\" name=\"input_text_5\" class=\"ff-el-form-control\" data-name=\"input_text_5\" id=\"ff_6_input_text_5\"  aria-invalid=\"false\" aria-required=false><\/div><\/div><div class='ff-el-group'><div class=\"ff-el-input--label ff-el-is-required asterisk-right\"><label for='ff_6_input_text_4' aria-label=\"Quartier, commune...\">Quartier, commune...<\/label><\/div><div class='ff-el-input--content'><input type=\"text\" name=\"input_text_4\" class=\"ff-el-form-control\" data-name=\"input_text_4\" id=\"ff_6_input_text_4\"  aria-invalid=\"false\" aria-required=true><\/div><\/div><div class='ff-el-group has-conditions'><div class=\"ff-el-input--label ff-el-is-required asterisk-right\"><label for='ff_6_multi_select' aria-label=\"Resultat du contact\">Resultat du contact<\/label><\/div><div class='ff-el-input--content'><select name=\"multi_select[]\" id=\"ff_6_multi_select\" class=\"ff-el-form-control  ff_has_multi_select\" multiple=\"1\" data-name=\"multi_select\" data-calc_value=\"0\"  aria-invalid=\"false\" aria-required=true><option value=\"Client veut Infos\"  >Client veut Infos<\/option><option value=\"Rendez vous\"  >Rendez vous<\/option><option value=\"Int\u00e9r\u00e9ss\u00e9 pour un site internet\"  >Int\u00e9r\u00e9ss\u00e9 pour un site internet<\/option><option value=\"Int\u00e9r\u00e9ss\u00e9 pour un Menu Digital\"  >Int\u00e9r\u00e9ss\u00e9 pour un Menu Digital<\/option><option value=\"Int\u00e9r\u00e9ss\u00e9 pour un boostage facebook\"  >Int\u00e9r\u00e9ss\u00e9 pour un boostage facebook<\/option><option value=\"Client veux un devis (Ajouter la date dans les commentaires)\"  >Client veux un devis (Ajouter la date dans les commentaires)<\/option><option value=\"Rendez vous honor\u00e9\"  >Rendez vous honor\u00e9<\/option><option value=\"Rendez vous report\u00e9\"  >Rendez vous report\u00e9<\/option><option value=\"Rendez vous manqu\u00e9 \"  >Rendez vous manqu\u00e9<\/option><option value=\"Non disponible\"  >Non disponible<\/option><option value=\"Mauvais num\u00e9ro\"  >Mauvais num\u00e9ro<\/option><option value=\"Pas interess\u00e9\"  >Pas interess\u00e9<\/option><option value=\"Client hostile\"  >Client hostile<\/option><\/select><\/div><\/div><div class='ff-el-group has-conditions'><div class=\"ff-el-input--label ff-el-is-required asterisk-right\"><label for='ff_6_description' aria-label=\"Commentaires du clients, raisons pour Rdv report\u00e9, Rdv Manqu\u00e9s (en cas d emp\u00eachement avertir votre superviseur 4h \u00e0 l avance)\">Commentaires du clients, raisons pour Rdv report\u00e9, Rdv Manqu\u00e9s (en cas d emp\u00eachement avertir votre superviseur 4h \u00e0 l avance)<\/label><\/div><div class='ff-el-input--content'><textarea aria-invalid=\"false\" aria-required=true name=\"description\" id=\"ff_6_description\" class=\"ff-el-form-control\" rows=\"3\" cols=\"2\" data-name=\"description\" ><\/textarea><\/div><\/div><div class='ff-el-group has-conditions'><div class=\"ff-el-input--label asterisk-right\"><label for='ff_6_input_text_3' aria-label=\"Paiements fait par le client, Avance, solde...(D\u00e9pos\u00e9 par wave ou Orange au 0749423765)\">Paiements fait par le client, Avance, solde...(D\u00e9pos\u00e9 par wave ou Orange au 0749423765)<\/label><\/div><div class='ff-el-input--content'><input type=\"text\" name=\"input_text_3\" class=\"ff-el-form-control\" data-name=\"input_text_3\" id=\"ff_6_input_text_3\"  aria-invalid=\"false\" aria-required=false><\/div><\/div><div class='ff-el-group'><div class=\"ff-el-input--label asterisk-right\"><label for='ff_6_image-upload_1' aria-label=\"T\u00e9l\u00e9chargement d\u2019images , Facture....\">T\u00e9l\u00e9chargement d\u2019images , Facture....<\/label><\/div><div class='ff-el-input--content'><label for='ff_6_image-upload_1' class='ff_file_upload_holder'><span class='ff_upload_btn ff-btn' tabindex='0'>Chosir images<\/span> <input type=\"file\" name=\"image-upload\" id=\"ff_6_image-upload_1\" class=\"ff-el-form-control  ff-screen-reader-element\" accept=\"image\/*\" data-name=\"image-upload\" multiple=\"1\"  aria-invalid='false' aria-required=false><\/label><\/div><\/div><div class='ff-el-group'><div class=\"ff-el-input--label asterisk-right\"><label for='ff_6_file-upload_1' aria-label=\"T\u00e9l\u00e9chargement d\u2019un fichier\">T\u00e9l\u00e9chargement d\u2019un fichier<\/label><\/div><div class='ff-el-input--content'><label for='ff_6_file-upload_1' class='ff_file_upload_holder'><span class='ff_upload_btn ff-btn' tabindex='0'>Chosir Fichier<\/span> <input type=\"file\" name=\"file-upload\" id=\"ff_6_file-upload_1\" class=\"ff-el-form-control  ff-screen-reader-element\" data-name=\"file-upload\" multiple=\"1\"  aria-invalid='false' aria-required=false><\/label><\/div><\/div><div class='ff-el-group ff-text-left ff_submit_btn_wrapper'><button type=\"submit\" class=\"ff-btn ff-btn-submit ff-btn-md ff_btn_style\" >Soumettre<\/button><\/div><\/fieldset><\/form><div id='fluentform_6_errors' class='ff-errors-in-stack ff_form_instance_6_1 ff-form-loading_errors ff_form_instance_6_1_errors'><\/div><\/div>        <script type=\"text\/javascript\">\n            window.fluent_form_ff_form_instance_6_1 = {\"id\":\"6\",\"settings\":{\"layout\":{\"labelPlacement\":\"top\",\"helpMessagePlacement\":\"with_label\",\"errorMessagePlacement\":\"inline\",\"cssClassName\":\"\",\"asteriskPlacement\":\"asterisk-right\"},\"restrictions\":{\"denyEmptySubmission\":{\"enabled\":false}}},\"form_instance\":\"ff_form_instance_6_1\",\"form_id_selector\":\"fluentform_6\",\"rules\":{\"dropdown_1\":{\"required\":{\"value\":true,\"message\":\"Ce champ est obligatoire\",\"global_message\":\"Ce champ est obligatoire\",\"global\":true}},\"datetime\":{\"required\":{\"value\":true,\"message\":\"Ce champ est obligatoire\",\"global_message\":\"Ce champ est obligatoire\",\"global\":true}},\"names[first_name]\":{\"required\":{\"value\":false,\"message\":\"Ce champ est obligatoire\",\"global_message\":\"Ce champ est obligatoire\",\"global\":true}},\"names[middle_name]\":{\"required\":{\"value\":false,\"message\":\"Ce champ est obligatoire\",\"global_message\":\"Ce champ est obligatoire\",\"global\":true}},\"names[last_name]\":{\"required\":{\"value\":false,\"message\":\"Ce champ est obligatoire\",\"global_message\":\"Ce champ est obligatoire\",\"global\":true}},\"input_text\":{\"required\":{\"value\":true,\"message\":\"Ce champ est obligatoire\",\"global_message\":\"Ce champ est obligatoire\",\"global\":true}},\"input_text_1\":{\"required\":{\"value\":true,\"message\":\"Ce champ est obligatoire\",\"global_message\":\"Ce champ est obligatoire\",\"global\":true}},\"phone\":{\"required\":{\"value\":true,\"message\":\"Ce champ est requis\",\"global\":false,\"global_message\":\"Ce champ est obligatoire\"},\"valid_phone_number\":{\"value\":false,\"message\":\"Le num\\u00e9ro de t\\u00e9l\\u00e9phone n'est pas valide\",\"global\":false,\"global_message\":\"Le num\\u00e9ro de t\\u00e9l\\u00e9phone n'est pas valide\"}},\"input_text_2\":{\"required\":{\"value\":true,\"message\":\"Ce champ est obligatoire\",\"global_message\":\"Ce champ est obligatoire\",\"global\":true}},\"input_text_5\":{\"required\":{\"value\":false,\"message\":\"Ce champ est obligatoire\",\"global_message\":\"Ce champ est obligatoire\",\"global\":true}},\"input_text_4\":{\"required\":{\"value\":true,\"message\":\"Ce champ est obligatoire\",\"global_message\":\"Ce champ est obligatoire\",\"global\":true}},\"multi_select\":{\"required\":{\"value\":true,\"message\":\"Ce champ est obligatoire\",\"global_message\":\"Ce champ est obligatoire\",\"global\":true}},\"description\":{\"required\":{\"value\":true,\"message\":\"Ce champ est obligatoire\",\"global_message\":\"Ce champ est obligatoire\",\"global\":true}},\"input_text_3\":{\"required\":{\"value\":false,\"message\":\"Ce champ est obligatoire\",\"global_message\":\"Ce champ est obligatoire\",\"global\":true}},\"image-upload\":{\"required\":{\"value\":false,\"message\":\"Ce champ est obligatoire\",\"global_message\":\"Ce champ est obligatoire\",\"global\":true},\"max_file_size\":{\"value\":104857600,\"_valueFrom\":\"MB\",\"message\":\"\\u00c9chec de la validation de la taille maximale de fichier\",\"global_message\":\"\\u00c9chec de la validation de la taille maximale de fichier\",\"global\":true},\"max_file_count\":{\"value\":\"999\",\"message\":\"\\u00c9chec de la validation du nombre maximal de fichiers\",\"global_message\":\"\\u00c9chec de la validation du nombre maximal de fichiers\",\"global\":true},\"allowed_image_types\":{\"value\":[\"jpg|jpeg\",\"png\",\"gif\"],\"message\":\"Les types d\\u2019images autoris\\u00e9s ne correspondent pas\",\"global_message\":\"Les types d\\u2019images autoris\\u00e9s ne correspondent pas\",\"global\":true}},\"file-upload\":{\"required\":{\"value\":false,\"message\":\"Ce champ est obligatoire\",\"global_message\":\"Ce champ est obligatoire\",\"global\":true},\"max_file_size\":{\"value\":104857600,\"_valueFrom\":\"MB\",\"message\":\"\\u00c9chec de la validation de la taille maximale de fichier\",\"global_message\":\"\\u00c9chec de la validation de la taille maximale de fichier\",\"global\":true},\"max_file_count\":{\"value\":\"100\",\"message\":\"\\u00c9chec de la validation du nombre maximal de fichiers\",\"global_message\":\"\\u00c9chec de la validation du nombre maximal de fichiers\",\"global\":true},\"allowed_file_types\":{\"value\":[\"jpg|jpeg|gif|png|bmp\",\"mp3|wav|ogg|oga|wma|mka|m4a|ra|mid|midi|mpga\",\"avi|divx|flv|mov|ogv|mkv|mp4|m4v|divx|mpg|mpeg|mpe|video\\\/quicktime|qt\",\"pdf\",\"doc|ppt|pps|xls|mdb|docx|xlsx|pptx|odt|odp|ods|odg|odc|odb|odf|rtf|txt\",\"zip|gz|gzip|rar|7z\",\"exe\",\"csv\"],\"message\":\"Type de fichier invalide\",\"global_message\":\"Type de fichier invalide\",\"global\":true}}},\"debounce_time\":300,\"conditionals\":{\"input_text\":{\"type\":\"any\",\"status\":true,\"conditions\":[{\"field\":\"dropdown_1\",\"value\":\"Visites\",\"operator\":\"=\"},{\"field\":\"dropdown_1\",\"value\":\"Appels\",\"operator\":\"=\"},{\"field\":\"dropdown_1\",\"value\":\"Rendez vous\",\"operator\":\"=\"}]},\"input_text_1\":{\"type\":\"any\",\"status\":true,\"conditions\":[{\"field\":\"dropdown_1\",\"value\":\"Visites\",\"operator\":\"=\"},{\"field\":\"dropdown_1\",\"value\":\"Appels\",\"operator\":\"=\"},{\"field\":\"dropdown_1\",\"value\":\"Rendez vous\",\"operator\":\"=\"}]},\"phone\":{\"type\":\"any\",\"status\":true,\"conditions\":[{\"field\":\"dropdown_1\",\"value\":\"Visites\",\"operator\":\"=\"},{\"field\":\"dropdown_1\",\"value\":\"Appels\",\"operator\":\"=\"},{\"field\":\"dropdown_1\",\"value\":\"Rendez vous\",\"operator\":\"=\"}]},\"multi_select\":{\"type\":\"any\",\"status\":true,\"conditions\":[{\"field\":\"dropdown_1\",\"value\":\"Appels\",\"operator\":\"=\"},{\"field\":\"dropdown_1\",\"value\":\"Visites\",\"operator\":\"=\"},{\"field\":\"dropdown_1\",\"value\":\"Rendez vous\",\"operator\":\"=\"}]},\"description\":{\"type\":\"any\",\"status\":true,\"conditions\":[{\"field\":\"dropdown_1\",\"value\":\"Appels\",\"operator\":\"=\"},{\"field\":\"dropdown_1\",\"value\":\"Visites\",\"operator\":\"=\"},{\"field\":\"dropdown_1\",\"value\":\"Rendez vous\",\"operator\":\"=\"}]},\"input_text_3\":{\"type\":\"any\",\"status\":true,\"conditions\":[{\"field\":\"dropdown_1\",\"value\":\"Appels\",\"operator\":\"=\"},{\"field\":\"dropdown_1\",\"value\":\"Visites\",\"operator\":\"=\"},{\"field\":\"dropdown_1\",\"value\":\"Rendez vous\",\"operator\":\"=\"}]}}};\n                    <\/script>\n        \n\n\n\n<div style=\"height:55px\" aria-hidden=\"true\" class=\"wp-block-spacer\"><\/div>\n\n\n<p>[ninja_tables id=\u00a0\u00bb1401&Prime;]<\/p>\n","protected":false},"excerpt":{"rendered":"","protected":false},"author":1,"featured_media":0,"parent":0,"menu_order":0,"comment_status":"closed","ping_status":"closed","template":"","meta":{"_et_pb_use_builder":"","_et_pb_old_content":"","_et_gb_content_width":"1080","footnotes":""},"class_list":["post-1402","page","type-page","status-publish","hentry"],"_links":{"self":[{"href":"https:\/\/monsiteci.net\/agents\/wp-json\/wp\/v2\/pages\/1402","targetHints":{"allow":["GET"]}}],"collection":[{"href":"https:\/\/monsiteci.net\/agents\/wp-json\/wp\/v2\/pages"}],"about":[{"href":"https:\/\/monsiteci.net\/agents\/wp-json\/wp\/v2\/types\/page"}],"author":[{"embeddable":true,"href":"https:\/\/monsiteci.net\/agents\/wp-json\/wp\/v2\/users\/1"}],"replies":[{"embeddable":true,"href":"https:\/\/monsiteci.net\/agents\/wp-json\/wp\/v2\/comments?post=1402"}],"version-history":[{"count":5,"href":"https:\/\/monsiteci.net\/agents\/wp-json\/wp\/v2\/pages\/1402\/revisions"}],"predecessor-version":[{"id":1788,"href":"https:\/\/monsiteci.net\/agents\/wp-json\/wp\/v2\/pages\/1402\/revisions\/1788"}],"wp:attachment":[{"href":"https:\/\/monsiteci.net\/agents\/wp-json\/wp\/v2\/media?parent=1402"}],"curies":[{"name":"wp","href":"https:\/\/api.w.org\/{rel}","templated":true}]}}